{"id":2107,"date":"2023-07-20T18:22:43","date_gmt":"2023-07-20T16:22:43","guid":{"rendered":"https:\/\/jmhita.com\/es\/?page_id=2107"},"modified":"2023-12-04T19:31:39","modified_gmt":"2023-12-04T18:31:39","slug":"expo-cangas-de-onis","status":"publish","type":"page","link":"https:\/\/jmhita.com\/es\/expo-cangas-de-onis\/","title":{"rendered":"Expo Cangas de On\u00eds"},"content":{"rendered":"\t\t<div data-elementor-type=\"wp-page\" data-elementor-id=\"2107\" class=\"elementor elementor-2107\">\n\t\t\t\t\t\t<section class=\"elementor-section elementor-top-section elementor-element elementor-element-c8d3bad elementor-section-boxed elementor-section-height-default elementor-section-height-default\" data-id=\"c8d3bad\" data-element_type=\"section\" data-e-type=\"section\">\n\t\t\t\t\t\t<div class=\"elementor-container elementor-column-gap-default\">\n\t\t\t\t\t<div class=\"elementor-column elementor-col-50 elementor-top-column elementor-element elementor-element-ccf3a37\" data-id=\"ccf3a37\" data-element_type=\"column\" data-e-type=\"column\">\n\t\t\t<div class=\"elementor-widget-wrap elementor-element-populated\">\n\t\t\t\t\t\t<div class=\"elementor-element elementor-element-22a0a24 elementor-widget elementor-widget-image\" data-id=\"22a0a24\" data-element_type=\"widget\" data-e-type=\"widget\" data-widget_type=\"image.default\">\n\t\t\t\t<div class=\"elementor-widget-container\">\n\t\t\t\t\t\t\t\t\t\t\t\t<figure class=\"wp-caption\">\n\t\t\t\t\t\t\t\t\t\t<img fetchpriority=\"high\" decoding=\"async\" width=\"768\" height=\"1024\" src=\"https:\/\/jmhita.com\/wp-content\/uploads\/CARTEL-expo-Cangas-de-Onis-2023-v2-768x1024.jpg\" class=\"attachment-medium_large size-medium_large wp-image-2108\" alt=\"\" srcset=\"https:\/\/jmhita.com\/wp-content\/uploads\/CARTEL-expo-Cangas-de-Onis-2023-v2-768x1024.jpg 768w, https:\/\/jmhita.com\/wp-content\/uploads\/CARTEL-expo-Cangas-de-Onis-2023-v2-225x300.jpg 225w, https:\/\/jmhita.com\/wp-content\/uploads\/CARTEL-expo-Cangas-de-Onis-2023-v2-1152x1536.jpg 1152w, https:\/\/jmhita.com\/wp-content\/uploads\/CARTEL-expo-Cangas-de-Onis-2023-v2-1536x2048.jpg 1536w, https:\/\/jmhita.com\/wp-content\/uploads\/CARTEL-expo-Cangas-de-Onis-2023-v2-scaled.jpg 1920w\" sizes=\"(max-width: 768px) 100vw, 768px\" \/>\t\t\t\t\t\t\t\t\t\t\t<figcaption class=\"widget-image-caption wp-caption-text\">Cartel anunciador<\/figcaption>\n\t\t\t\t\t\t\t\t\t\t<\/figure>\n\t\t\t\t\t\t\t\t\t<\/div>\n\t\t\t\t<\/div>\n\t\t\t\t\t<\/div>\n\t\t<\/div>\n\t\t\t\t<div class=\"elementor-column elementor-col-50 elementor-top-column elementor-element elementor-element-d232dba\" data-id=\"d232dba\" data-element_type=\"column\" data-e-type=\"column\">\n\t\t\t<div class=\"elementor-widget-wrap elementor-element-populated\">\n\t\t\t\t\t\t<div class=\"elementor-element elementor-element-a032f75 elementor-widget elementor-widget-text-editor\" data-id=\"a032f75\" data-element_type=\"widget\" data-e-type=\"widget\" data-widget_type=\"text-editor.default\">\n\t\t\t\t<div class=\"elementor-widget-container\">\n\t\t\t\t\t\t\t\t\t<p><span style=\"font-family: arial, helvetica, sans-serif; font-size: 14pt;\"><strong>Exposici\u00f3n de Cangas de On\u00eds<\/strong><\/span><\/p>\n<p><span style=\"font-size: 14px;\">Mi segunda exposici\u00f3n en Asturias. Se celebr\u00f3 durante todo el mes de agosto del 2023, en la Casa de Cultura de Cangas de On\u00eds. Abajo pod\u00e9is descargar el folleto de la exhibici\u00f3n. 27 cuadros, todos \u00f3leos, componen la muestra denominada \u00abhuellas\u00bb en alusi\u00f3n a las vestigios que dejaron en mi mente algunos paisajes, lugares y personas y que los inspiraron.<\/span><\/p>\t\t\t\t\t\t\t\t<\/div>\n\t\t\t\t<\/div>\n\t\t\t\t<div class=\"elementor-element elementor-element-79566a6 elementor-button-info elementor-align-center elementor-widget elementor-widget-button\" data-id=\"79566a6\" data-element_type=\"widget\" data-e-type=\"widget\" data-widget_type=\"button.default\">\n\t\t\t\t<div class=\"elementor-widget-container\">\n\t\t\t\t\t\t\t\t\t<div class=\"elementor-button-wrapper\">\n\t\t\t\t\t<a class=\"elementor-button elementor-button-link elementor-size-lg\" href=\"https:\/\/jmhita.com\/wp-content\/uploads\/CATALOGO-EXPO-CANGAS-2023.pdf\">\n\t\t\t\t\t\t<span class=\"elementor-button-content-wrapper\">\n\t\t\t\t\t\t<span class=\"elementor-button-icon\">\n\t\t\t\t<i aria-hidden=\"true\" class=\"far fa-file-pdf\"><\/i>\t\t\t<\/span>\n\t\t\t\t\t\t\t\t\t<span class=\"elementor-button-text\">cat\u00e1logo<\/span>\n\t\t\t\t\t<\/span>\n\t\t\t\t\t<\/a>\n\t\t\t\t<\/div>\n\t\t\t\t\t\t\t\t<\/div>\n\t\t\t\t<\/div>\n\t\t\t\t<div class=\"elementor-element elementor-element-0960b2d elementor-widget elementor-widget-image\" data-id=\"0960b2d\" data-element_type=\"widget\" data-e-type=\"widget\" data-widget_type=\"image.default\">\n\t\t\t\t<div class=\"elementor-widget-container\">\n\t\t\t\t\t\t\t\t\t\t\t\t\t\t\t<img decoding=\"async\" width=\"500\" height=\"293\" src=\"https:\/\/jmhita.com\/wp-content\/uploads\/casa-cutura-cangas-de-onis-500x293.jpg\" class=\"attachment-medium size-medium wp-image-2118\" alt=\"\" srcset=\"https:\/\/jmhita.com\/wp-content\/uploads\/casa-cutura-cangas-de-onis-500x293.jpg 500w, https:\/\/jmhita.com\/wp-content\/uploads\/casa-cutura-cangas-de-onis-768x450.jpg 768w, https:\/\/jmhita.com\/wp-content\/uploads\/casa-cutura-cangas-de-onis.jpg 936w\" sizes=\"(max-width: 500px) 100vw, 500px\" \/>\t\t\t\t\t\t\t\t\t\t\t\t\t\t\t<\/div>\n\t\t\t\t<\/div>\n\t\t\t\t\t<\/div>\n\t\t<\/div>\n\t\t\t\t\t<\/div>\n\t\t<\/section>\n\t\t\t\t<\/div>\n\t\t","protected":false},"excerpt":{"rendered":"<p>Cartel anunciador Exposici\u00f3n de Cangas de On\u00eds Mi segunda exposici\u00f3n en Asturias. Se celebr\u00f3 durante todo el mes de agosto del 2023, en la Casa de Cultura de Cangas de [&hellip;]<\/p>\n","protected":false},"author":1,"featured_media":0,"parent":0,"menu_order":0,"comment_status":"closed","ping_status":"closed","template":"","meta":{"ngg_post_thumbnail":0,"ocean_post_layout":"","ocean_both_sidebars_style":"","ocean_both_sidebars_content_width":0,"ocean_both_sidebars_sidebars_width":0,"ocean_sidebar":"0","ocean_second_sidebar":"0","ocean_disable_margins":"enable","ocean_add_body_class":"","ocean_shortcode_before_top_bar":"","ocean_shortcode_after_top_bar":"","ocean_shortcode_before_header":"","ocean_shortcode_after_header":"","ocean_has_shortcode":"","ocean_shortcode_after_title":"","ocean_shortcode_before_footer_widgets":"","ocean_shortcode_after_footer_widgets":"","ocean_shortcode_before_footer_bottom":"","ocean_shortcode_after_footer_bottom":"","ocean_display_top_bar":"default","ocean_display_header":"default","ocean_header_style":"","ocean_center_header_left_menu":"0","ocean_custom_header_template":"0","ocean_custom_logo":0,"ocean_custom_retina_logo":0,"ocean_custom_logo_max_width":0,"ocean_custom_logo_tablet_max_width":0,"ocean_custom_logo_mobile_max_width":0,"ocean_custom_logo_max_height":0,"ocean_custom_logo_tablet_max_height":0,"ocean_custom_logo_mobile_max_height":0,"ocean_header_custom_menu":"0","ocean_menu_typo_font_family":"0","ocean_menu_typo_font_subset":"","ocean_menu_typo_font_size":0,"ocean_menu_typo_font_size_tablet":0,"ocean_menu_typo_font_size_mobile":0,"ocean_menu_typo_font_size_unit":"px","ocean_menu_typo_font_weight":"","ocean_menu_typo_font_weight_tablet":"","ocean_menu_typo_font_weight_mobile":"","ocean_menu_typo_transform":"","ocean_menu_typo_transform_tablet":"","ocean_menu_typo_transform_mobile":"","ocean_menu_typo_line_height":0,"ocean_menu_typo_line_height_tablet":0,"ocean_menu_typo_line_height_mobile":0,"ocean_menu_typo_line_height_unit":"","ocean_menu_typo_spacing":0,"ocean_menu_typo_spacing_tablet":0,"ocean_menu_typo_spacing_mobile":0,"ocean_menu_typo_spacing_unit":"","ocean_menu_link_color":"","ocean_menu_link_color_hover":"","ocean_menu_link_color_active":"","ocean_menu_link_background":"","ocean_menu_link_hover_background":"","ocean_menu_link_active_background":"","ocean_menu_social_links_bg":"","ocean_menu_social_hover_links_bg":"","ocean_menu_social_links_color":"","ocean_menu_social_hover_links_color":"","ocean_disable_title":"default","ocean_disable_heading":"default","ocean_post_title":"","ocean_post_subheading":"","ocean_post_title_style":"","ocean_post_title_background_color":"","ocean_post_title_background":0,"ocean_post_title_bg_image_position":"","ocean_post_title_bg_image_attachment":"","ocean_post_title_bg_image_repeat":"","ocean_post_title_bg_image_size":"","ocean_post_title_height":0,"ocean_post_title_bg_overlay":0.5,"ocean_post_title_bg_overlay_color":"","ocean_disable_breadcrumbs":"default","ocean_breadcrumbs_color":"","ocean_breadcrumbs_separator_color":"","ocean_breadcrumbs_links_color":"","ocean_breadcrumbs_links_hover_color":"","ocean_display_footer_widgets":"default","ocean_display_footer_bottom":"default","ocean_custom_footer_template":"0","footnotes":""},"class_list":["post-2107","page","type-page","status-publish","hentry","entry"],"_links":{"self":[{"href":"https:\/\/jmhita.com\/es\/wp-json\/wp\/v2\/pages\/2107","targetHints":{"allow":["GET"]}}],"collection":[{"href":"https:\/\/jmhita.com\/es\/wp-json\/wp\/v2\/pages"}],"about":[{"href":"https:\/\/jmhita.com\/es\/wp-json\/wp\/v2\/types\/page"}],"author":[{"embeddable":true,"href":"https:\/\/jmhita.com\/es\/wp-json\/wp\/v2\/users\/1"}],"replies":[{"embeddable":true,"href":"https:\/\/jmhita.com\/es\/wp-json\/wp\/v2\/comments?post=2107"}],"version-history":[{"count":14,"href":"https:\/\/jmhita.com\/es\/wp-json\/wp\/v2\/pages\/2107\/revisions"}],"predecessor-version":[{"id":2198,"href":"https:\/\/jmhita.com\/es\/wp-json\/wp\/v2\/pages\/2107\/revisions\/2198"}],"wp:attachment":[{"href":"https:\/\/jmhita.com\/es\/wp-json\/wp\/v2\/media?parent=2107"}],"curies":[{"name":"wp","href":"https:\/\/api.w.org\/{rel}","templated":true}]}}