{"id":1017,"date":"2022-03-17T18:14:27","date_gmt":"2022-03-17T16:14:27","guid":{"rendered":"https:\/\/jmhita.com\/?page_id=1017"},"modified":"2023-12-04T20:04:44","modified_gmt":"2023-12-04T19:04:44","slug":"exposiciones-las-rozas","status":"publish","type":"page","link":"https:\/\/jmhita.com\/es\/exposiciones-las-rozas\/","title":{"rendered":"Expo Las Rozas"},"content":{"rendered":"\t\t<div data-elementor-type=\"wp-page\" data-elementor-id=\"1017\" class=\"elementor elementor-1017\">\n\t\t\t\t\t\t<section class=\"elementor-section elementor-top-section elementor-element elementor-element-c8d3bad elementor-section-boxed elementor-section-height-default elementor-section-height-default\" data-id=\"c8d3bad\" data-element_type=\"section\" data-e-type=\"section\">\n\t\t\t\t\t\t<div class=\"elementor-container elementor-column-gap-default\">\n\t\t\t\t\t<div class=\"elementor-column elementor-col-50 elementor-top-column elementor-element elementor-element-ccf3a37\" data-id=\"ccf3a37\" data-element_type=\"column\" data-e-type=\"column\">\n\t\t\t<div class=\"elementor-widget-wrap elementor-element-populated\">\n\t\t\t\t\t\t<div class=\"elementor-element elementor-element-22a0a24 elementor-widget elementor-widget-image\" data-id=\"22a0a24\" data-element_type=\"widget\" data-e-type=\"widget\" data-widget_type=\"image.default\">\n\t\t\t\t<div class=\"elementor-widget-container\">\n\t\t\t\t\t\t\t\t\t\t\t\t<figure class=\"wp-caption\">\n\t\t\t\t\t\t\t\t\t\t<img fetchpriority=\"high\" decoding=\"async\" width=\"768\" height=\"1095\" src=\"https:\/\/jmhita.com\/wp-content\/uploads\/cartel-alternativo-expo-las-rozas-jmhita-768x1095.jpg\" class=\"attachment-medium_large size-medium_large wp-image-282\" alt=\"\" srcset=\"https:\/\/jmhita.com\/wp-content\/uploads\/cartel-alternativo-expo-las-rozas-jmhita-768x1095.jpg 768w, https:\/\/jmhita.com\/wp-content\/uploads\/cartel-alternativo-expo-las-rozas-jmhita-210x300.jpg 210w, https:\/\/jmhita.com\/wp-content\/uploads\/cartel-alternativo-expo-las-rozas-jmhita-718x1024.jpg 718w, https:\/\/jmhita.com\/wp-content\/uploads\/cartel-alternativo-expo-las-rozas-jmhita.jpg 850w\" sizes=\"(max-width: 768px) 100vw, 768px\" \/>\t\t\t\t\t\t\t\t\t\t\t<figcaption class=\"widget-image-caption wp-caption-text\">Cartel anunciador<\/figcaption>\n\t\t\t\t\t\t\t\t\t\t<\/figure>\n\t\t\t\t\t\t\t\t\t<\/div>\n\t\t\t\t<\/div>\n\t\t\t\t\t<\/div>\n\t\t<\/div>\n\t\t\t\t<div class=\"elementor-column elementor-col-50 elementor-top-column elementor-element elementor-element-d232dba\" data-id=\"d232dba\" data-element_type=\"column\" data-e-type=\"column\">\n\t\t\t<div class=\"elementor-widget-wrap elementor-element-populated\">\n\t\t\t\t\t\t<section class=\"elementor-section elementor-inner-section elementor-element elementor-element-0e33658 elementor-section-boxed elementor-section-height-default elementor-section-height-default\" data-id=\"0e33658\" data-element_type=\"section\" data-e-type=\"section\">\n\t\t\t\t\t\t<div class=\"elementor-container elementor-column-gap-default\">\n\t\t\t\t\t<div class=\"elementor-column elementor-col-100 elementor-inner-column elementor-element elementor-element-5f3367f\" data-id=\"5f3367f\" data-element_type=\"column\" data-e-type=\"column\">\n\t\t\t<div class=\"elementor-widget-wrap elementor-element-populated\">\n\t\t\t\t\t\t<div class=\"elementor-element elementor-element-8d0389e elementor-widget elementor-widget-text-editor\" data-id=\"8d0389e\" data-element_type=\"widget\" data-e-type=\"widget\" data-widget_type=\"text-editor.default\">\n\t\t\t\t<div class=\"elementor-widget-container\">\n\t\t\t\t\t\t\t\t\t<p><span style=\"font-family: arial, helvetica, sans-serif; font-size: 14pt;\"><strong>Exposici\u00f3n de Las Rozas de Madrid\u00a0<\/strong><\/span><\/p><p>A lo largo del mes de octubre de 2021 se expuso mi 3\u00aa exposici\u00f3n de pintura en la sala Auditorio del Ayuntamiento de Las Rozas en Madrid. La exposici\u00f3n, denominada ESCENARIOS, estuvo compuesta por 24 \u00f3leos pintados entre 2019 y 2021, todos ellos con un hilo conductor similar: figuras humanas en diferentes paisajes o escenarios. Puede descargar el cat\u00e1logo de la exposici\u00f3n a continuaci\u00f3n.<\/p>\t\t\t\t\t\t\t\t<\/div>\n\t\t\t\t<\/div>\n\t\t\t\t\t<\/div>\n\t\t<\/div>\n\t\t\t\t\t<\/div>\n\t\t<\/section>\n\t\t\t\t<section class=\"elementor-section elementor-inner-section elementor-element elementor-element-2149a9b elementor-section-boxed elementor-section-height-default elementor-section-height-default\" data-id=\"2149a9b\" data-element_type=\"section\" data-e-type=\"section\">\n\t\t\t\t\t\t<div class=\"elementor-container elementor-column-gap-default\">\n\t\t\t\t\t<div class=\"elementor-column elementor-col-100 elementor-inner-column elementor-element elementor-element-bb20ce0\" data-id=\"bb20ce0\" data-element_type=\"column\" data-e-type=\"column\">\n\t\t\t<div class=\"elementor-widget-wrap elementor-element-populated\">\n\t\t\t\t\t\t<div class=\"elementor-element elementor-element-0960b2d elementor-widget elementor-widget-image\" data-id=\"0960b2d\" data-element_type=\"widget\" data-e-type=\"widget\" data-widget_type=\"image.default\">\n\t\t\t\t<div class=\"elementor-widget-container\">\n\t\t\t\t\t\t\t\t\t\t\t\t\t\t\t<img decoding=\"async\" width=\"300\" height=\"201\" src=\"https:\/\/jmhita.com\/wp-content\/uploads\/Auditorio_las_rozas-300x201.jpg\" class=\"attachment-medium size-medium wp-image-128\" alt=\"\" srcset=\"https:\/\/jmhita.com\/wp-content\/uploads\/Auditorio_las_rozas-300x201.jpg 300w, https:\/\/jmhita.com\/wp-content\/uploads\/Auditorio_las_rozas-1024x686.jpg 1024w, https:\/\/jmhita.com\/wp-content\/uploads\/Auditorio_las_rozas-768x514.jpg 768w, https:\/\/jmhita.com\/wp-content\/uploads\/Auditorio_las_rozas-1536x1028.jpg 1536w, https:\/\/jmhita.com\/wp-content\/uploads\/Auditorio_las_rozas.jpg 2048w\" sizes=\"(max-width: 300px) 100vw, 300px\" \/>\t\t\t\t\t\t\t\t\t\t\t\t\t\t\t<\/div>\n\t\t\t\t<\/div>\n\t\t\t\t\t<\/div>\n\t\t<\/div>\n\t\t\t\t\t<\/div>\n\t\t<\/section>\n\t\t\t\t<div class=\"elementor-element elementor-element-79566a6 elementor-button-info elementor-align-center elementor-widget elementor-widget-button\" data-id=\"79566a6\" data-element_type=\"widget\" data-e-type=\"widget\" data-widget_type=\"button.default\">\n\t\t\t\t<div class=\"elementor-widget-container\">\n\t\t\t\t\t\t\t\t\t<div class=\"elementor-button-wrapper\">\n\t\t\t\t\t<a class=\"elementor-button elementor-button-link elementor-size-lg\" href=\"https:\/\/jmhita.com\/wp-content\/uploads\/ESCENARIOS_Catalogo_Las-Rozas-2021.pdf\">\n\t\t\t\t\t\t<span class=\"elementor-button-content-wrapper\">\n\t\t\t\t\t\t<span class=\"elementor-button-icon\">\n\t\t\t\t<i aria-hidden=\"true\" class=\"far fa-file-pdf\"><\/i>\t\t\t<\/span>\n\t\t\t\t\t\t\t\t\t<span class=\"elementor-button-text\">cat\u00e1logo<\/span>\n\t\t\t\t\t<\/span>\n\t\t\t\t\t<\/a>\n\t\t\t\t<\/div>\n\t\t\t\t\t\t\t\t<\/div>\n\t\t\t\t<\/div>\n\t\t\t\t\t<\/div>\n\t\t<\/div>\n\t\t\t\t\t<\/div>\n\t\t<\/section>\n\t\t\t\t<\/div>\n\t\t","protected":false},"excerpt":{"rendered":"<p>Cartel anunciador Exposici\u00f3n de Las Rozas de Madrid&nbsp; A lo largo del mes de octubre de 2021 se expuso mi 3\u00aa exposici\u00f3n de pintura en la sala Auditorio del Ayuntamiento [&hellip;]<\/p>\n","protected":false},"author":1,"featured_media":0,"parent":0,"menu_order":0,"comment_status":"closed","ping_status":"closed","template":"","meta":{"ngg_post_thumbnail":0,"ocean_post_layout":"","ocean_both_sidebars_style":"","ocean_both_sidebars_content_width":0,"ocean_both_sidebars_sidebars_width":0,"ocean_sidebar":"0","ocean_second_sidebar":"0","ocean_disable_margins":"enable","ocean_add_body_class":"","ocean_shortcode_before_top_bar":"","ocean_shortcode_after_top_bar":"","ocean_shortcode_before_header":"","ocean_shortcode_after_header":"","ocean_has_shortcode":"","ocean_shortcode_after_title":"","ocean_shortcode_before_footer_widgets":"","ocean_shortcode_after_footer_widgets":"","ocean_shortcode_before_footer_bottom":"","ocean_shortcode_after_footer_bottom":"","ocean_display_top_bar":"default","ocean_display_header":"default","ocean_header_style":"","ocean_center_header_left_menu":"0","ocean_custom_header_template":"0","ocean_custom_logo":0,"ocean_custom_retina_logo":0,"ocean_custom_logo_max_width":0,"ocean_custom_logo_tablet_max_width":0,"ocean_custom_logo_mobile_max_width":0,"ocean_custom_logo_max_height":0,"ocean_custom_logo_tablet_max_height":0,"ocean_custom_logo_mobile_max_height":0,"ocean_header_custom_menu":"0","ocean_menu_typo_font_family":"0","ocean_menu_typo_font_subset":"","ocean_menu_typo_font_size":0,"ocean_menu_typo_font_size_tablet":0,"ocean_menu_typo_font_size_mobile":0,"ocean_menu_typo_font_size_unit":"px","ocean_menu_typo_font_weight":"","ocean_menu_typo_font_weight_tablet":"","ocean_menu_typo_font_weight_mobile":"","ocean_menu_typo_transform":"","ocean_menu_typo_transform_tablet":"","ocean_menu_typo_transform_mobile":"","ocean_menu_typo_line_height":0,"ocean_menu_typo_line_height_tablet":0,"ocean_menu_typo_line_height_mobile":0,"ocean_menu_typo_line_height_unit":"","ocean_menu_typo_spacing":0,"ocean_menu_typo_spacing_tablet":0,"ocean_menu_typo_spacing_mobile":0,"ocean_menu_typo_spacing_unit":"","ocean_menu_link_color":"","ocean_menu_link_color_hover":"","ocean_menu_link_color_active":"","ocean_menu_link_background":"","ocean_menu_link_hover_background":"","ocean_menu_link_active_background":"","ocean_menu_social_links_bg":"","ocean_menu_social_hover_links_bg":"","ocean_menu_social_links_color":"","ocean_menu_social_hover_links_color":"","ocean_disable_title":"default","ocean_disable_heading":"default","ocean_post_title":"","ocean_post_subheading":"","ocean_post_title_style":"","ocean_post_title_background_color":"","ocean_post_title_background":0,"ocean_post_title_bg_image_position":"","ocean_post_title_bg_image_attachment":"","ocean_post_title_bg_image_repeat":"","ocean_post_title_bg_image_size":"","ocean_post_title_height":0,"ocean_post_title_bg_overlay":0.5,"ocean_post_title_bg_overlay_color":"","ocean_disable_breadcrumbs":"default","ocean_breadcrumbs_color":"","ocean_breadcrumbs_separator_color":"","ocean_breadcrumbs_links_color":"","ocean_breadcrumbs_links_hover_color":"","ocean_display_footer_widgets":"default","ocean_display_footer_bottom":"default","ocean_custom_footer_template":"0","footnotes":""},"class_list":["post-1017","page","type-page","status-publish","hentry","entry"],"_links":{"self":[{"href":"https:\/\/jmhita.com\/es\/wp-json\/wp\/v2\/pages\/1017","targetHints":{"allow":["GET"]}}],"collection":[{"href":"https:\/\/jmhita.com\/es\/wp-json\/wp\/v2\/pages"}],"about":[{"href":"https:\/\/jmhita.com\/es\/wp-json\/wp\/v2\/types\/page"}],"author":[{"embeddable":true,"href":"https:\/\/jmhita.com\/es\/wp-json\/wp\/v2\/users\/1"}],"replies":[{"embeddable":true,"href":"https:\/\/jmhita.com\/es\/wp-json\/wp\/v2\/comments?post=1017"}],"version-history":[{"count":15,"href":"https:\/\/jmhita.com\/es\/wp-json\/wp\/v2\/pages\/1017\/revisions"}],"predecessor-version":[{"id":2210,"href":"https:\/\/jmhita.com\/es\/wp-json\/wp\/v2\/pages\/1017\/revisions\/2210"}],"wp:attachment":[{"href":"https:\/\/jmhita.com\/es\/wp-json\/wp\/v2\/media?parent=1017"}],"curies":[{"name":"wp","href":"https:\/\/api.w.org\/{rel}","templated":true}]}}